{"id":13,"date":"2026-05-08T01:50:39","date_gmt":"2026-05-08T01:50:39","guid":{"rendered":"https:\/\/efrenmarinr.com\/ensenanzas\/"},"modified":"2026-05-08T02:00:46","modified_gmt":"2026-05-08T02:00:46","slug":"ensenanzas","status":"publish","type":"page","link":"https:\/\/efrenmarinr.com\/en\/ensenanzas\/","title":{"rendered":"Ense\u00f1anzas"},"content":{"rendered":"<div data-elementor-type=\"wp-page\" data-elementor-id=\"13\" class=\"elementor elementor-13\" data-elementor-post-type=\"page\">\n\t\t\t\t<div class=\"elementor-element elementor-element-60ff81f e-grid hostinger-ai-resume-1 e-con-boxed e-con e-parent\" data-id=\"60ff81f\" data-element_type=\"container\" data-e-type=\"container\">\n\t\t\t\t\t<div class=\"e-con-inner\">\n\t\t<div class=\"elementor-element elementor-element-86dfb2c e-con-full e-flex e-con e-child\" data-id=\"86dfb2c\" data-element_type=\"container\" data-e-type=\"container\">\n\t\t\t\t<div class=\"elementor-element elementor-element-dee8047 hostinger-ai-image elementor-widget elementor-widget-image\" data-id=\"dee8047\" data-element_type=\"widget\" data-e-type=\"widget\" data-widget_type=\"image.default\">\n\t\t\t\t\t\t\t\t\t\t\t\t\t\t\t<img decoding=\"async\" src=\"https:\/\/images.unsplash.com\/photo-1526946443415-f5f929bce4f1?q=85&#038;w=584&#038;h=650&#038;fit=crop\" title=\"\" alt=\"\" loading=\"lazy\" \/>\t\t\t\t\t\t\t\t\t\t\t\t\t\t\t<\/div>\n\t\t\t\t<\/div>\n\t\t<div class=\"elementor-element elementor-element-4603b83 e-con-full e-flex e-con e-child\" data-id=\"4603b83\" data-element_type=\"container\" data-e-type=\"container\">\n\t\t\t\t<div class=\"elementor-element elementor-element-576a6b9 hostinger-ai-title elementor-widget elementor-widget-heading\" data-id=\"576a6b9\" data-element_type=\"widget\" data-e-type=\"widget\" data-widget_type=\"heading.default\">\n\t\t\t\t\t<h2 class=\"elementor-heading-title elementor-size-default\">Mi historia<\/h2>\t\t\t\t<\/div>\n\t\t\t\t<div class=\"elementor-element elementor-element-e839eff hostinger-ai-description elementor-widget elementor-widget-text-editor\" data-id=\"e839eff\" data-element_type=\"widget\" data-e-type=\"widget\" data-widget_type=\"text-editor.default\">\n\t\t\t\t\t\t\t\t\tDesde 2002, Dios transform\u00f3 mi vida y me llam\u00f3 a restaurar y formar a otros con pasi\u00f3n y dedicaci\u00f3n.\t\t\t\t\t\t\t\t<\/div>\n\t\t\t\t<div class=\"elementor-element elementor-element-c4d6792 hostinger-ai-title hostinger-index-1 elementor-widget elementor-widget-heading\" data-id=\"c4d6792\" data-element_type=\"widget\" data-e-type=\"widget\" data-widget_type=\"heading.default\">\n\t\t\t\t\t<h2 class=\"elementor-heading-title elementor-size-default\">Mi misi\u00f3n<\/h2>\t\t\t\t<\/div>\n\t\t\t\t<div class=\"elementor-element elementor-element-2097d3a hostinger-ai-description hostinger-index-1 elementor-widget elementor-widget-heading\" data-id=\"2097d3a\" data-element_type=\"widget\" data-e-type=\"widget\" data-widget_type=\"heading.default\">\n\t\t\t\t\t<p class=\"elementor-heading-title elementor-size-default\">Compartir esperanza y verdad a trav\u00e9s de la palabra y la escritura.<\/p>\t\t\t\t<\/div>\n\t\t\t\t<div class=\"elementor-element elementor-element-9d1fba9 hostinger-ai-subtitle hostinger-index-2 elementor-widget elementor-widget-heading\" data-id=\"9d1fba9\" data-element_type=\"widget\" data-e-type=\"widget\" data-widget_type=\"heading.default\">\n\t\t\t\t\t<p class=\"elementor-heading-title elementor-size-default\">Formaci\u00f3n y llamado<\/p>\t\t\t\t<\/div>\n\t\t\t\t<\/div>\n\t\t\t\t\t<\/div>\n\t\t\t\t<\/div>\n\t\t<div class=\"elementor-element elementor-element-36b762c hostinger-ai-customer-reviews-2 e-flex e-con-boxed e-con e-parent\" data-id=\"36b762c\" data-element_type=\"container\" data-e-type=\"container\" data-settings=\"{&quot;background_background&quot;:&quot;classic&quot;}\">\n\t\t\t\t\t<div class=\"e-con-inner\">\n\t\t<div class=\"elementor-element elementor-element-384b9be e-grid e-con-full e-con e-child\" data-id=\"384b9be\" data-element_type=\"container\" data-e-type=\"container\">\n\t\t<div class=\"elementor-element elementor-element-27f457a e-con-full e-flex e-con e-child\" data-id=\"27f457a\" data-element_type=\"container\" data-e-type=\"container\">\n\t\t\t\t<div class=\"elementor-element elementor-element-96fd1f1 hostinger-ai-testimonial-image hostinger-index-2 elementor-widget elementor-widget-image\" data-id=\"96fd1f1\" data-element_type=\"widget\" data-e-type=\"widget\" data-widget_type=\"image.default\">\n\t\t\t\t\t\t\t\t\t\t\t\t\t\t\t<img decoding=\"async\" src=\"https:\/\/efrenmarinr.com\/wp-content\/themes\/hostinger-ai-theme\/assets\/images\/testimonials\/man-1-400x450-c.jpg\" title=\"\" alt=\"\" loading=\"lazy\" \/>\t\t\t\t\t\t\t\t\t\t\t\t\t\t\t<\/div>\n\t\t\t\t<\/div>\n\t\t<div class=\"elementor-element elementor-element-c47ee61 e-con-full e-flex e-con e-child\" data-id=\"c47ee61\" data-element_type=\"container\" data-e-type=\"container\">\n\t\t<div class=\"elementor-element elementor-element-839cc74 e-con-full e-flex e-con e-child\" data-id=\"839cc74\" data-element_type=\"container\" data-e-type=\"container\">\n\t\t\t\t<div class=\"elementor-element elementor-element-706a5dd hostinger-ai-subtitle elementor-widget elementor-widget-text-editor\" data-id=\"706a5dd\" data-element_type=\"widget\" data-e-type=\"widget\" data-widget_type=\"text-editor.default\">\n\t\t\t\t\t\t\t\t\tTestimonios reales\t\t\t\t\t\t\t\t<\/div>\n\t\t\t\t<div class=\"elementor-element elementor-element-b45648b hostinger-ai-testimonial-text hostinger-ai-font-bold hostinger-index-2 elementor-widget elementor-widget-text-editor\" data-id=\"b45648b\" data-element_type=\"widget\" data-e-type=\"widget\" data-widget_type=\"text-editor.default\">\n\t\t\t\t\t\t\t\t\tLas ense\u00f1anzas del pastor Efr\u00e9n me ayudaron a encontrar paz y prop\u00f3sito cuando sent\u00eda que todo estaba perdido.\t\t\t\t\t\t\t\t<\/div>\n\t\t\t\t<\/div>\n\t\t\t\t<\/div>\n\t\t\t\t<\/div>\n\t\t\t\t\t<\/div>\n\t\t\t\t<\/div>\n\t\t<div class=\"elementor-element elementor-element-425a1bf e-flex e-con-boxed e-con e-parent\" data-id=\"425a1bf\" data-element_type=\"container\" data-e-type=\"container\" data-settings=\"{&quot;background_background&quot;:&quot;classic&quot;}\">\n\t\t\t\t\t<div class=\"e-con-inner\">\n\t\t<div class=\"elementor-element elementor-element-8eb3a11 e-con-full e-flex e-con e-child\" data-id=\"8eb3a11\" data-element_type=\"container\" data-e-type=\"container\">\n\t\t\t\t<div class=\"elementor-element elementor-element-2516ff0 hostinger-ai-title elementor-widget elementor-widget-heading\" data-id=\"2516ff0\" data-element_type=\"widget\" data-e-type=\"widget\" data-widget_type=\"heading.default\">\n\t\t\t\t\t<h2 class=\"elementor-heading-title elementor-size-default\">\u00danete ahora<\/h2>\t\t\t\t<\/div>\n\t\t\t\t<div class=\"elementor-element elementor-element-bb2189c elementor-widget__width-initial hostinger-ai-description elementor-widget elementor-widget-text-editor\" data-id=\"bb2189c\" data-element_type=\"widget\" data-e-type=\"widget\" data-widget_type=\"text-editor.default\">\n\t\t\t\t\t\t\t\t\tSuma tu vida a este camino de fe, esperanza y transformaci\u00f3n real.\t\t\t\t\t\t\t\t<\/div>\n\t\t\t\t<div class=\"elementor-element elementor-element-c0f4a8e hostinger-ai-cta-button hostinger-index-0 elementor-widget elementor-widget-button\" data-id=\"c0f4a8e\" data-element_type=\"widget\" data-e-type=\"widget\" data-widget_type=\"button.default\">\n\t\t\t\t\t\t\t\t\t\t<a class=\"elementor-button elementor-button-link elementor-size-sm\" href=\"https:\/\/efrenmarinr.com\/en\/hello-world\/\">\n\t\t\t\t\t\t<span class=\"elementor-button-content-wrapper\">\n\t\t\t\t\t\t\t\t\t<span class=\"elementor-button-text\">Entrar<\/span>\n\t\t\t\t\t<\/span>\n\t\t\t\t\t<\/a>\n\t\t\t\t\t\t\t\t<\/div>\n\t\t\t\t<\/div>\n\t\t\t\t\t<\/div>\n\t\t\t\t<\/div>\n\t\t\t\t<\/div>","protected":false},"excerpt":{"rendered":"","protected":false},"author":1,"featured_media":0,"parent":0,"menu_order":0,"comment_status":"closed","ping_status":"closed","template":"elementor_canvas","meta":{"site-sidebar-layout":"default","site-content-layout":"","ast-site-content-layout":"default","site-content-style":"default","site-sidebar-style":"default","ast-global-header-display":"","ast-banner-title-visibility":"","ast-main-header-display":"","ast-hfb-above-header-display":"","ast-hfb-below-header-display":"","ast-hfb-mobile-header-display":"","site-post-title":"","ast-breadcrumbs-content":"","ast-featured-img":"","footer-sml-layout":"","ast-disable-related-posts":"","theme-transparent-header-meta":"","adv-header-id-meta":"","stick-header-meta":"","header-above-stick-meta":"","header-main-stick-meta":"","header-below-stick-meta":"","astra-migrate-meta-layouts":"default","ast-page-background-enabled":"default","ast-page-background-meta":{"desktop":{"background-color":"var(--ast-global-color-5)","background-image":"","background-repeat":"repeat","background-position":"center center","background-size":"auto","background-attachment":"scroll","background-type":"","background-media":"","overlay-type":"","overlay-color":"","overlay-opacity":"","overlay-gradient":""},"tablet":{"background-color":"","background-image":"","background-repeat":"repeat","background-position":"center center","background-size":"auto","background-attachment":"scroll","background-type":"","background-media":"","overlay-type":"","overlay-color":"","overlay-opacity":"","overlay-gradient":""},"mobile":{"background-color":"","background-image":"","background-repeat":"repeat","background-position":"center center","background-size":"auto","background-attachment":"scroll","background-type":"","background-media":"","overlay-type":"","overlay-color":"","overlay-opacity":"","overlay-gradient":""}},"ast-content-background-meta":{"desktop":{"background-color":"var(--ast-global-color-4)","background-image":"","background-repeat":"repeat","background-position":"center center","background-size":"auto","background-attachment":"scroll","background-type":"","background-media":"","overlay-type":"","overlay-color":"","overlay-opacity":"","overlay-gradient":""},"tablet":{"background-color":"var(--ast-global-color-4)","background-image":"","background-repeat":"repeat","background-position":"center center","background-size":"auto","background-attachment":"scroll","background-type":"","background-media":"","overlay-type":"","overlay-color":"","overlay-opacity":"","overlay-gradient":""},"mobile":{"background-color":"var(--ast-global-color-4)","background-image":"","background-repeat":"repeat","background-position":"center center","background-size":"auto","background-attachment":"scroll","background-type":"","background-media":"","overlay-type":"","overlay-color":"","overlay-opacity":"","overlay-gradient":""}},"footnotes":""},"class_list":["post-13","page","type-page","status-publish","hentry"],"yoast_head":"<!-- This site is optimized with the Yoast SEO plugin v27.5 - https:\/\/yoast.com\/product\/yoast-seo-wordpress\/ -->\n<title>Ense\u00f1anzas - Efr\u00e9n Mar\u00edn Rodr\u00edguez<\/title>\n<meta name=\"robots\" content=\"index, follow, max-snippet:-1, max-image-preview:large, max-video-preview:-1\" \/>\n<link rel=\"canonical\" href=\"https:\/\/efrenmarinr.com\/en\/ensenanzas\/\" \/>\n<meta property=\"og:locale\" content=\"en_US\" \/>\n<meta property=\"og:type\" content=\"article\" \/>\n<meta property=\"og:title\" content=\"Ense\u00f1anzas - Efr\u00e9n Mar\u00edn Rodr\u00edguez\" \/>\n<meta property=\"og:url\" content=\"https:\/\/efrenmarinr.com\/en\/ensenanzas\/\" \/>\n<meta property=\"og:site_name\" content=\"Efr\u00e9n Mar\u00edn Rodr\u00edguez\" \/>\n<meta property=\"article:modified_time\" content=\"2026-05-08T02:00:46+00:00\" \/>\n<meta name=\"twitter:card\" content=\"summary_large_image\" \/>\n<script type=\"application\/ld+json\" class=\"yoast-schema-graph\">{\"@context\":\"https:\\\/\\\/schema.org\",\"@graph\":[{\"@type\":\"WebPage\",\"@id\":\"https:\\\/\\\/efrenmarinr.com\\\/ensenanzas\\\/\",\"url\":\"https:\\\/\\\/efrenmarinr.com\\\/ensenanzas\\\/\",\"name\":\"Ense\u00f1anzas - Efr\u00e9n Mar\u00edn Rodr\u00edguez\",\"isPartOf\":{\"@id\":\"https:\\\/\\\/efrenmarinr.com\\\/#website\"},\"datePublished\":\"2026-05-08T01:50:39+00:00\",\"dateModified\":\"2026-05-08T02:00:46+00:00\",\"breadcrumb\":{\"@id\":\"https:\\\/\\\/efrenmarinr.com\\\/ensenanzas\\\/#breadcrumb\"},\"inLanguage\":\"en-US\",\"potentialAction\":[{\"@type\":\"ReadAction\",\"target\":[\"https:\\\/\\\/efrenmarinr.com\\\/ensenanzas\\\/\"]}]},{\"@type\":\"BreadcrumbList\",\"@id\":\"https:\\\/\\\/efrenmarinr.com\\\/ensenanzas\\\/#breadcrumb\",\"itemListElement\":[{\"@type\":\"ListItem\",\"position\":1,\"name\":\"Inicio\",\"item\":\"https:\\\/\\\/efrenmarinr.com\\\/\"},{\"@type\":\"ListItem\",\"position\":2,\"name\":\"Ense\u00f1anzas\"}]},{\"@type\":\"WebSite\",\"@id\":\"https:\\\/\\\/efrenmarinr.com\\\/#website\",\"url\":\"https:\\\/\\\/efrenmarinr.com\\\/\",\"name\":\"Efr\u00e9n Mar\u00edn Rodr\u00edguez\",\"description\":\"PASTOR \u2022 AUTOR \u2022 CONFERENCISTA\",\"publisher\":{\"@id\":\"https:\\\/\\\/efrenmarinr.com\\\/#\\\/schema\\\/person\\\/86192117feaa58655aa0fd639d02a8e1\"},\"potentialAction\":[{\"@type\":\"SearchAction\",\"target\":{\"@type\":\"EntryPoint\",\"urlTemplate\":\"https:\\\/\\\/efrenmarinr.com\\\/?s={search_term_string}\"},\"query-input\":{\"@type\":\"PropertyValueSpecification\",\"valueRequired\":true,\"valueName\":\"search_term_string\"}}],\"inLanguage\":\"en-US\"},{\"@type\":[\"Person\",\"Organization\"],\"@id\":\"https:\\\/\\\/efrenmarinr.com\\\/#\\\/schema\\\/person\\\/86192117feaa58655aa0fd639d02a8e1\",\"name\":\"EFREN MARIN R\",\"image\":{\"@type\":\"ImageObject\",\"inLanguage\":\"en-US\",\"@id\":\"https:\\\/\\\/efrenmarinr.com\\\/wp-content\\\/uploads\\\/2026\\\/05\\\/FV.png\",\"url\":\"https:\\\/\\\/efrenmarinr.com\\\/wp-content\\\/uploads\\\/2026\\\/05\\\/FV.png\",\"contentUrl\":\"https:\\\/\\\/efrenmarinr.com\\\/wp-content\\\/uploads\\\/2026\\\/05\\\/FV.png\",\"width\":450,\"height\":450,\"caption\":\"EFREN MARIN R\"},\"logo\":{\"@id\":\"https:\\\/\\\/efrenmarinr.com\\\/wp-content\\\/uploads\\\/2026\\\/05\\\/FV.png\"}}]}<\/script>\n<!-- \/ Yoast SEO plugin. -->","yoast_head_json":{"title":"Ense\u00f1anzas - Efr\u00e9n Mar\u00edn Rodr\u00edguez","robots":{"index":"index","follow":"follow","max-snippet":"max-snippet:-1","max-image-preview":"max-image-preview:large","max-video-preview":"max-video-preview:-1"},"canonical":"https:\/\/efrenmarinr.com\/en\/ensenanzas\/","og_locale":"en_US","og_type":"article","og_title":"Ense\u00f1anzas - Efr\u00e9n Mar\u00edn Rodr\u00edguez","og_url":"https:\/\/efrenmarinr.com\/en\/ensenanzas\/","og_site_name":"Efr\u00e9n Mar\u00edn Rodr\u00edguez","article_modified_time":"2026-05-08T02:00:46+00:00","twitter_card":"summary_large_image","schema":{"@context":"https:\/\/schema.org","@graph":[{"@type":"WebPage","@id":"https:\/\/efrenmarinr.com\/ensenanzas\/","url":"https:\/\/efrenmarinr.com\/ensenanzas\/","name":"Ense\u00f1anzas - Efr\u00e9n Mar\u00edn Rodr\u00edguez","isPartOf":{"@id":"https:\/\/efrenmarinr.com\/#website"},"datePublished":"2026-05-08T01:50:39+00:00","dateModified":"2026-05-08T02:00:46+00:00","breadcrumb":{"@id":"https:\/\/efrenmarinr.com\/ensenanzas\/#breadcrumb"},"inLanguage":"en-US","potentialAction":[{"@type":"ReadAction","target":["https:\/\/efrenmarinr.com\/ensenanzas\/"]}]},{"@type":"BreadcrumbList","@id":"https:\/\/efrenmarinr.com\/ensenanzas\/#breadcrumb","itemListElement":[{"@type":"ListItem","position":1,"name":"Inicio","item":"https:\/\/efrenmarinr.com\/"},{"@type":"ListItem","position":2,"name":"Ense\u00f1anzas"}]},{"@type":"WebSite","@id":"https:\/\/efrenmarinr.com\/#website","url":"https:\/\/efrenmarinr.com\/","name":"Efr\u00e9n Mar\u00edn Rodr\u00edguez","description":"PASTOR \u2022 AUTOR \u2022 CONFERENCISTA","publisher":{"@id":"https:\/\/efrenmarinr.com\/#\/schema\/person\/86192117feaa58655aa0fd639d02a8e1"},"potentialAction":[{"@type":"SearchAction","target":{"@type":"EntryPoint","urlTemplate":"https:\/\/efrenmarinr.com\/?s={search_term_string}"},"query-input":{"@type":"PropertyValueSpecification","valueRequired":true,"valueName":"search_term_string"}}],"inLanguage":"en-US"},{"@type":["Person","Organization"],"@id":"https:\/\/efrenmarinr.com\/#\/schema\/person\/86192117feaa58655aa0fd639d02a8e1","name":"EFREN MARIN R","image":{"@type":"ImageObject","inLanguage":"en-US","@id":"https:\/\/efrenmarinr.com\/wp-content\/uploads\/2026\/05\/FV.png","url":"https:\/\/efrenmarinr.com\/wp-content\/uploads\/2026\/05\/FV.png","contentUrl":"https:\/\/efrenmarinr.com\/wp-content\/uploads\/2026\/05\/FV.png","width":450,"height":450,"caption":"EFREN MARIN R"},"logo":{"@id":"https:\/\/efrenmarinr.com\/wp-content\/uploads\/2026\/05\/FV.png"}}]}},"_hostinger_reach_plugin_has_subscription_block":false,"_hostinger_reach_plugin_is_elementor":false,"_links":{"self":[{"href":"https:\/\/efrenmarinr.com\/en\/wp-json\/wp\/v2\/pages\/13","targetHints":{"allow":["GET"]}}],"collection":[{"href":"https:\/\/efrenmarinr.com\/en\/wp-json\/wp\/v2\/pages"}],"about":[{"href":"https:\/\/efrenmarinr.com\/en\/wp-json\/wp\/v2\/types\/page"}],"author":[{"embeddable":true,"href":"https:\/\/efrenmarinr.com\/en\/wp-json\/wp\/v2\/users\/1"}],"replies":[{"embeddable":true,"href":"https:\/\/efrenmarinr.com\/en\/wp-json\/wp\/v2\/comments?post=13"}],"version-history":[{"count":1,"href":"https:\/\/efrenmarinr.com\/en\/wp-json\/wp\/v2\/pages\/13\/revisions"}],"predecessor-version":[{"id":27,"href":"https:\/\/efrenmarinr.com\/en\/wp-json\/wp\/v2\/pages\/13\/revisions\/27"}],"wp:attachment":[{"href":"https:\/\/efrenmarinr.com\/en\/wp-json\/wp\/v2\/media?parent=13"}],"curies":[{"name":"wp","href":"https:\/\/api.w.org\/{rel}","templated":true}]}}